{"id":59,"date":"2019-10-31T11:15:16","date_gmt":"2019-10-31T11:15:16","guid":{"rendered":"https:\/\/stubai-ferienhaus.at\/?page_id=59"},"modified":"2020-06-29T09:09:58","modified_gmt":"2020-06-29T09:09:58","slug":"datenschutz","status":"publish","type":"page","link":"https:\/\/stubai-ferienhaus.at\/index.php\/datenschutz\/","title":{"rendered":"Datenschutz"},"content":{"rendered":"\n<p><strong>1. Datenschutz auf einen Blick Allgemeine Hinweise<\/strong><br>Die\n folgenden Hinweise geben einen einfachen \u00dcberblick dar\u00fcber, was mit \nIhren personenbezogenen Daten passiert, wenn Sie unsere Website \nbesuchen. Personenbezogene Daten sind alle Daten, mit denen Sie \npers\u00f6nlich identifiziert werden k\u00f6nnen. Ausf\u00fchrliche Informationen zum \nThema Datenschutz entnehmen Sie unserer unter diesem Text aufgef\u00fchrten \nDatenschutzerkl\u00e4rung.<br><br>Datenerfassung auf unserer Website Wer ist \nverantwortlich f\u00fcr die Datenerfassung auf dieser Website? Die \nDatenverarbeitung auf dieser Website erfolgt durch den Websitebetreiber.\n Dessen Kontaktdaten k\u00f6nnen Sie dem Impressum dieser Website entnehmen.<br><br><strong>Wie erfassen wir Ihre Daten?<\/strong><br>Ihre\n Daten werden zum einen dadurch erhoben, dass Sie uns diese mitteilen. \nHierbei kann es sich z.B. um Daten handeln, die Sie in ein \nKontaktformular eingeben. Andere Daten werden automatisch beim Besuch \nder Website durch unsere IT-Systeme erfasst. Das sind vor allem \ntechnische Daten (z.B. Internetbrowser, Betriebssystem oder Uhrzeit des \nSeitenaufrufs). Die Erfassung dieser Daten erfolgt automatisch, sobald \nSie unsere Website betreten.<br><br><strong>Wof\u00fcr nutzen wir Ihre Daten?<\/strong><br>Ein\n Teil der Daten wird erhoben, um eine fehlerfreie Bereitstellung der \nWebsite zu gew\u00e4hrleisten. Andere Daten k\u00f6nnen zur Analyse Ihres \nNutzerverhaltens verwendet werden.<br><br><strong>Welche Rechte haben Sie bez\u00fcglich Ihrer Daten?<\/strong><br>Sie\n haben jederzeit das Recht unentgeltlich Auskunft \u00fcber Herkunft, \nEmpf\u00e4nger und Zweck Ihrer gespeicherten personenbezogenen Daten zu \nerhalten. Sie haben au\u00dferdem ein Recht, die Berichtigung, Sperrung oder \nL\u00f6schung dieser Daten zu verlangen. Hierzu sowie zu weiteren Fragen zum \nThema Datenschutz k\u00f6nnen Sie sich jederzeit unter der im Impressum \nangegebenen Adresse an uns wenden. Des Weiteren steht Ihnen ein \nBeschwerderecht bei der zust\u00e4ndigen Aufsichtsbeh\u00f6rde zu.<br><br><strong>Analyse-Tools und Tools von Drittanbietern<\/strong><br>Beim\n Besuch unserer Website kann Ihr Surf-Verhalten statistisch ausgewertet \nwerden. Das geschieht vor allem mit Cookies und mit sogenannten \nAnalyseprogrammen. Die Analyse Ihres Surf-Verhaltens erfolgt in der \nRegel anonym; das Surf-Verhalten kann nicht zu Ihnen zur\u00fcckverfolgt \nwerden. Sie k\u00f6nnen dieser Analyse widersprechen oder sie durch die \nNichtbenutzung bestimmter Tools verhindern. Detaillierte Informationen \ndazu finden Sie in der folgenden Datenschutzerkl\u00e4rung.<br><br>Sie k\u00f6nnen\n dieser Analyse widersprechen. \u00dcber die Widerspruchsm\u00f6glichkeiten werden\n wir Sie in dieser Datenschutzerkl\u00e4rung informieren.<br><\/p>\n\n\n\n<p><br><strong>2. Allgemeine Hinweise und Pflichtinformationen<br>Datenschutz<\/strong><br>Die  Betreiber dieser Seiten nehmen den Schutz Ihrer pers\u00f6nlichen Daten sehr  ernst. Wir behandeln Ihre personenbezogenen Daten vertraulich und  entsprechend der gesetzlichen Datenschutzvorschriften sowie dieser  Datenschutzerkl\u00e4rung.<br><br>Wenn Sie diese Website benutzen, werden  verschiedene personenbezogene Daten erhoben. Personenbezogene Daten sind  Daten, mit denen Sie pers\u00f6nlich identifiziert werden k\u00f6nnen. Die  vorliegende Datenschutzerkl\u00e4rung erl\u00e4utert, welche Daten wir erheben und  wof\u00fcr wir sie nutzen. Sie erl\u00e4utert auch, wie und zu welchem Zweck das  geschieht.<br><br>Wir weisen darauf hin, dass die Daten\u00fcbertragung im  Internet (z.B. bei der Kommunikation per E-Mail) Sicherheitsl\u00fccken  aufweisen kann. Ein l\u00fcckenloser Schutz der Daten vor dem Zugriff durch  Dritte ist nicht m\u00f6glich.<br><br><strong>Hinweis zur verantwortlichen Stelle<\/strong><br>Die verantwortliche Stelle f\u00fcr die Datenverarbeitung auf dieser Website ist:&nbsp;<br>Casa Melissa<br>Alte Schulgase<br>6141 Sch\u00f6nberg<br>Telefon 0043 664 30 300 70<br><a href=\"mailto:info@haus-alpenkoenig.at\">info@stubai-ferienhaus.at<\/a><br><br>Verantwortliche  Stelle ist die nat\u00fcrliche oder juristische Person, die allein oder  gemeinsam mit anderen \u00fcber die Zwecke und Mittel der Verarbeitung von  personenbezogenen Daten (z.B. Namen, E-Mail-Adressen o. \u00c4.) entscheidet.<br><br><strong>Widerruf Ihrer Einwilligung zur Datenverarbeitung<\/strong><br>Viele  Datenverarbeitungsvorg\u00e4nge sind nur mit Ihrer ausdr\u00fccklichen  Einwilligung m\u00f6glich. Sie k\u00f6nnen eine bereits erteilte Einwilligung  jederzeit widerrufen. Dazu reicht eine formlose Mitteilung per E-Mail an  uns. Die Rechtm\u00e4\u00dfigkeit der bis zum Widerruf erfolgten  Datenverarbeitung bleibt vom Widerruf unber\u00fchrt.<br><br><strong>Beschwerderecht bei der zust\u00e4ndigen Aufsichtsbeh\u00f6rde<\/strong><br>Im  Falle datenschutzrechtlicher Verst\u00f6\u00dfe steht dem Betroffenen ein  Beschwerderecht bei der zust\u00e4ndigen Aufsichtsbeh\u00f6rde zu. Zust\u00e4ndige  Aufsichtsbeh\u00f6rde in datenschutzrechtlichen Fragen ist der  Landesdatenschutzbeauftragte des Bundeslandes, in dem unser Unternehmen  seinen Sitz hat. Eine Liste der Datenschutzbeauftragten sowie deren  Kontaktdaten k\u00f6nnen folgendem Link entnommen werden: <a rel=\"noreferrer noopener\" target=\"_blank\" href=\"https:\/\/www.bfdi.bund.de\/DE\/Infothek\/Anschriften_Links\/anschriften_links-node.html\">https:\/\/www.bfdi.bund.de\/DE\/Infothek\/Anschriften_Links\/anschriften_links-node.html<\/a>.<br><br>Recht  auf Daten\u00fcbertragbarkeit Sie haben das Recht, Daten, die wir auf  Grundlage Ihrer Einwilligung oder in Erf\u00fcllung eines Vertrags  automatisiert verarbeiten, an sich oder an einen Dritten in einem  g\u00e4ngigen, maschinenlesbaren Format aush\u00e4ndigen zu lassen. Sofern Sie die  direkte \u00dcbertragung der Daten an einen anderen Verantwortlichen  verlangen, erfolgt dies nur, soweit es technisch machbar ist.<br><br><strong>SSL- bzw. TLS-Verschl\u00fcsselung<\/strong><br>Diese  Seite nutzt aus Sicherheitsgr\u00fcnden und zum Schutz der \u00dcbertragung  vertraulicher Inhalte, wie zum Beispiel Bestellungen oder Anfragen, die  Sie an uns als Seitenbetreiber senden, eine SSL-bzw.  TLS-Verschl\u00fcsselung. Eine verschl\u00fcsselte Verbindung erkennen Sie daran,  dass die Adresszeile des Browsers von \u201chttp:\/\/\u201d auf \u201chttps:\/\/\u201d wechselt  und an dem Schloss-Symbol in Ihrer Browserzeile. Wenn die SSL- bzw.  TLS-Verschl\u00fcsselung aktiviert ist, k\u00f6nnen die Daten, die Sie an uns  \u00fcbermitteln, nicht von Dritten mitgelesen werden.<br><br><strong>Auskunft, Sperrung, L\u00f6schung<\/strong><br>Sie  haben im Rahmen der geltenden gesetzlichen Bestimmungen jederzeit das  Recht auf unentgeltliche Auskunft \u00fcber Ihre gespeicherten  personenbezogenen Daten, deren Herkunft und Empf\u00e4nger und den Zweck der  Datenverarbeitung und ggf. ein Recht auf Berichtigung, Sperrung oder  L\u00f6schung dieser Daten. Hierzu sowie zu weiteren Fragen zum Thema  personenbezogene Daten k\u00f6nnen Sie sich jederzeit unter der im Impressum  angegebenen Adresse an uns wenden.<br><br><strong>Widerspruch gegen Werbe-Mails<\/strong><br>Der  Nutzung von im Rahmen der Impressumspflicht ver\u00f6ffentlichten  Kontaktdaten zur \u00dcbersendung von nicht ausdr\u00fccklich angeforderter  Werbung und Informationsmaterialien wird hiermit widersprochen. Die  Betreiber der Seiten behalten sich ausdr\u00fccklich rechtliche Schritte im  Falle der unverlangten Zusendung von Werbeinformationen, etwa durch  Spam-E-Mails, vor.<br><\/p>\n\n\n\n<p><br><strong>3. Datenerfassung auf unserer Website<br>Cookies<\/strong><br>Die\n Internetseiten verwenden teilweise so genannte Cookies. Cookies richten\n auf Ihrem Rechner keinen Schaden an und enthalten keine Viren. Cookies \ndienen dazu, unser Angebot nutzerfreundlicher, effektiver und sicherer \nzu machen. Cookies sind kleine Textdateien, die auf Ihrem Rechner \nabgelegt werden und die Ihr Browser speichert.<br><br>Die meisten der \nvon uns verwendeten Cookies sind so genannte \u201cSession-Cookies\u201d. Sie \nwerden nach Ende Ihres Besuchs automatisch gel\u00f6scht. Andere Cookies \nbleiben auf Ihrem Endger\u00e4t gespeichert bis Sie diese l\u00f6schen. Diese \nCookies erm\u00f6glichen es uns, Ihren Browser beim n\u00e4chsten Besuch \nwiederzuerkennen.<br><br>Sie k\u00f6nnen Ihren Browser so einstellen, dass \nSie \u00fcber das Setzen von Cookies informiert werden und Cookies nur im \nEinzelfall erlauben, die Annahme von Cookies f\u00fcr bestimmte F\u00e4lle oder \ngenerell ausschlie\u00dfen sowie das automatische L\u00f6schen der Cookies beim \nSchlie\u00dfen des Browser aktivieren. Bei der Deaktivierung von Cookies kann\n die Funktionalit\u00e4t dieser Website eingeschr\u00e4nkt sein.<br><br>Cookies, \ndie zur Durchf\u00fchrung des elektronischen Kommunikationsvorgangs oder zur \nBereitstellung bestimmter, von Ihnen erw\u00fcnschter Funktionen (z.B. \nWarenkorbfunktion) erforderlich sind, werden auf Grundlage von Art. 6 \nAbs. 1 lit. f DSGVO gespeichert. Der Websitebetreiber hat ein \nberechtigtes Interesse an der Speicherung von Cookies zur technisch \nfehlerfreien und optimierten Bereitstellung seiner Dienste. Soweit \nandere Cookies (z.B. Cookies zur Analyse Ihres Surfverhaltens) \ngespeichert werden, werden diese in dieser Datenschutzerkl\u00e4rung \ngesondert behandelt.<br><br><strong>Server-Log-Dateien<\/strong><br>Der \nProvider der Seiten erhebt und speichert automatisch Informationen in so\n genannten Server-Log-Dateien, die Ihr Browser automatisch an uns \n\u00fcbermittelt. Dies sind:<br>Browsertyp und Browserversion<br>verwendetes Betriebssystem<br>Referrer URL<br>Hostname des zugreifenden Rechners<br>Uhrzeit der Serveranfrage<br>IP-Adresse<br><br>Eine Zusammenf\u00fchrung dieser Daten mit anderen Datenquellen wird nicht vorgenommen.<br>Grundlage\n f\u00fcr die Datenverarbeitung ist Art. 6 Abs. 1 lit. f DSGVO, der die \nVerarbeitung von Daten zur Erf\u00fcllung eines Vertrags oder \nvorvertraglicher Ma\u00dfnahmen gestattet.<br><br><strong>Kontaktformular<\/strong><br>Wenn\n Sie uns per Kontaktformular Anfragen zukommen lassen, werden Ihre \nAngaben aus dem Anfrageformular inklusive der von Ihnen dort angegebenen\n Kontaktdaten zwecks Bearbeitung der Anfrage und f\u00fcr den Fall von \nAnschlussfragen bei uns gespeichert. Diese Daten geben wir nicht ohne \nIhre Einwilligung weiter. Die Verarbeitung der in das Kontaktformular \neingegebenen Daten erfolgt somit ausschlie\u00dflich auf Grundlage Ihrer \nEinwilligung (Art. 6 Abs. 1 lit. a DSGVO). Sie k\u00f6nnen diese Einwilligung\n jederzeit widerrufen. Dazu reicht eine formlose Mitteilung per E-Mail \nan uns. Die Rechtm\u00e4\u00dfigkeit der bis zum Widerruf erfolgten \nDatenverarbeitungsvorg\u00e4nge bleibt vom Widerruf unber\u00fchrt. Die von Ihnen \nim Kontaktformular eingegebenen Daten verbleiben bei uns, bis Sie uns \nzur L\u00f6schung auffordern, Ihre Einwilligung zur Speicherung widerrufen \noder der Zweck f\u00fcr die Datenspeicherung entf\u00e4llt (z.B. nach \nabgeschlossener Bearbeitung Ihrer Anfrage). Zwingende gesetzliche \nBestimmungen \u2013 insbesondere Aufbewahrungsfristen \u2013 bleiben unber\u00fchrt.<br><\/p>\n\n\n\n<p><br><strong>4. Analyse Tools und Werbung (inaktiv)<br>Google Analytics<\/strong><br>Diese  Website nutzt Funktionen des Webanalysedienstes Google Analytics.  Anbieter ist die Google Inc., 1600 Amphitheatre Parkway, Mountain View,  CA 94043, USA.<br><br>Google Analytics verwendet so genannte &#8220;Cookies&#8221;.  Das sind Textdateien, die auf Ihrem Computer gespeichert werden und die  eine Analyse der Benutzung der Website durch Sie erm\u00f6glichen. Die durch  den Cookie erzeugten Informationen \u00fcber Ihre Benutzung dieser Website  werden in der Regel an einen Server von Google in den USA \u00fcbertragen und  dort gespeichert.<br><br>Die Speicherung von Google-Analytics-Cookies  erfolgt auf Grundlage von Art. 6 Abs. 1 lit. f DSGVO. Der  Websitebetreiber hat ein berechtigtes Interesse an der Analyse des  Nutzerverhaltens, um sowohl sein Webangebot als auch seine Werbung zu  optimieren.<br><strong><br>IP Anonymisierung<\/strong><br>Wir haben auf  dieser Website die Funktion IP-Anonymisierung aktiviert. Dadurch wird  Ihre IP-Adresse von Google innerhalb von Mitgliedstaaten der  Europ\u00e4ischen Union oder in anderen Vertragsstaaten des Abkommens \u00fcber  den Europ\u00e4ischen Wirtschaftsraum vor der \u00dcbermittlung in die USA  gek\u00fcrzt. Nur in Ausnahmef\u00e4llen wird die volle IP-Adresse an einen Server  von Google in den USA \u00fcbertragen und dort gek\u00fcrzt. Im Auftrag des  Betreibers dieser Website wird Google diese Informationen benutzen, um  Ihre Nutzung der Website auszuwerten, um Reports \u00fcber die  Websiteaktivit\u00e4ten zusammenzustellen und um weitere mit der  Websitenutzung und der Internetnutzung verbundene Dienstleistungen  gegen\u00fcber dem Websitebetreiber zu erbringen. Die im Rahmen von Google  Analytics von Ihrem Browser \u00fcbermittelte IP-Adresse wird nicht mit  anderen Daten von Google zusammengef\u00fchrt.<br><br><strong>Browser Plugin<\/strong><br>Sie  k\u00f6nnen die Speicherung der Cookies durch eine entsprechende Einstellung  Ihrer Browser-Software verhindern; wir weisen Sie jedoch darauf hin,  dass Sie in diesem Fall gegebenenfalls nicht s\u00e4mtliche Funktionen dieser  Website vollumf\u00e4nglich werden nutzen k\u00f6nnen. Sie k\u00f6nnen dar\u00fcber hinaus  die Erfassung der durch den Cookie erzeugten und auf Ihre Nutzung der  Website bezogenen Daten (inkl. Ihrer IP-Adresse) an Google sowie die  Verarbeitung dieser Daten durch Google verhindern, indem Sie das unter  dem folgenden Link verf\u00fcgbare Browser-Plugin herunterladen und  installieren: <a rel=\"noreferrer noopener\" target=\"_blank\" href=\"https:\/\/tools.google.com\/dlpage\/gaoptout?hl=de\">https:\/\/tools.google.com\/dlpage\/gaoptout?hl=de<\/a>.<br><br><strong>Widerspruch gegen Datenerfassung<\/strong><br>Sie  k\u00f6nnen die Erfassung Ihrer Daten durch Google Analytics verhindern,  indem Sie auf folgenden Link klicken. Es wird ein Opt-Out-Cookie  gesetzt, der die Erfassung Ihrer Daten bei zuk\u00fcnftigen Besuchen dieser  Website verhindert: Google Analytics deaktivieren.<br><br>Mehr Informationen zum Umgang mit Nutzerdaten bei Google Analytics finden Sie in der Datenschutzerkl\u00e4rung von Google: <a rel=\"noreferrer noopener\" target=\"_blank\" href=\"https:\/\/support.google.com\/analytics\/answer\/6004245?hl=de\">https:\/\/support.google.com\/analytics\/answer\/6004245?hl=de<\/a>.<br><br><strong>Auftragsdatenverarbeitung<\/strong><br>Wir  haben mit Google einen Vertrag zur Auftragsdatenverarbeitung  abgeschlossen und setzen die strengen Vorgaben der deutschen  Datenschutzbeh\u00f6rden bei der Nutzung von Google Analytics vollst\u00e4ndig um.<br><br><\/p>\n\n\n\n<p><strong>Google Analytics Remarketing<br><\/strong>Unsere\n Websites nutzen die Funktionen von Google Analytics Remarketing in \nVerbindung mit den ger\u00e4te\u00fcbergreifenden Funktionen von Google AdWords \nund Google DoubleClick. Anbieter ist die Google Inc., 1600 Amphitheatre \nParkway, Mountain View, CA 94043, USA.<br>Diese Funktion erm\u00f6glicht es \ndie mit Google Analytics Remarketing erstellten Werbe-Zielgruppen mit \nden ger\u00e4te\u00fcbergreifenden Funktionen von Google AdWords und Google \nDoubleClick zu verkn\u00fcpfen. Auf diese Weise k\u00f6nnen interessenbezogene, \npersonalisierte Werbebotschaften, die in Abh\u00e4ngigkeit Ihres fr\u00fcheren \nNutzungs- und Surfverhaltens auf einem Endger\u00e4t (z.B. Handy) an Sie \nangepasst wurden auch auf einem anderen Ihrer Endger\u00e4te (z.B. Tablet \noder PC) angezeigt werden.<br><br>Haben Sie eine entsprechende \nEinwilligung erteilt, verkn\u00fcpft Google zu diesem Zweck Ihren Web- und \nApp-Browserverlauf mit Ihrem Google-Konto. Auf diese Weise k\u00f6nnen auf \njedem Endger\u00e4t auf dem Sie sich mit Ihrem Google-Konto anmelden, \ndieselben personalisierten Werbebotschaften geschaltet werden.<br><br>Zur\n Unterst\u00fctzung dieser Funktion erfasst Google Analytics \ngoogle-authentifizierte IDs der Nutzer, die vor\u00fcbergehend mit unseren \nGoogle-Analytics-Daten verkn\u00fcpft werden, um Zielgruppen f\u00fcr die \nger\u00e4te\u00fcbergreifende Anzeigenwerbung zu definieren und zu erstellen.<br>Sie\n k\u00f6nnen dem ger\u00e4te\u00fcbergreifenden Remarketing\/Targeting dauerhaft \nwidersprechen, indem Sie personalisierte Werbung in Ihrem Google-Konto \ndeaktivieren; folgen Sie hierzu diesem Link: <a target=\"_blank\" rel=\"noreferrer noopener\" href=\"https:\/\/www.google.com\/settings\/ads\/onweb\/\">https:\/\/www.google.com\/settings\/ads\/onweb\/<\/a>.<br><br>Die\n Zusammenfassung der erfassten Daten in Ihrem Google-Konto erfolgt \nausschlie\u00dflich auf Grundlage Ihrer Einwilligung, die Sie bei Google \nabgeben oder widerrufen k\u00f6nnen (Art. 6 Abs. 1 lit. a DSGVO). Bei \nDatenerfassungsvorg\u00e4ngen, die nicht in Ihrem Google-Konto \nzusammengef\u00fchrt werden (z.B. weil Sie kein Google-Konto haben oder der \nZusammenf\u00fchrung widersprochen haben) beruht die Erfassung der Daten auf \nArt. 6 Abs. 1 lit. f DSGVO. Das berechtigte Interesse ergibt sich \ndaraus, dass der Websitebetreiber ein Interesse an der anonymisierten \nAnalyse der Websitebesucher zu Werbezwecken hat.<br><br>Weitergehende Informationen und die Datenschutzbestimmungen finden Sie in der Datenschutzerkl\u00e4rung von Google unter: (<a target=\"_blank\" rel=\"noreferrer noopener\" href=\"https:\/\/www.google.com\/policies\/technologies\/ads\/\">https:\/\/www.google.com\/policies\/technologies\/ads\/<\/a>).<br><br><strong>Google AdWords und Google Conversion-Tracking<\/strong><br>Diese\n Website verwendet Google AdWords. AdWords ist ein Online-Werbeprogramm \nder Google Inc., 1600 Amphitheatre Parkway, Mountain View, CA 94043, \nUnited States (\u201cGoogle\u201d).<br><br>Im Rahmen von Google AdWords nutzen wir\n das so genannte Conversion-Tracking. Wenn Sie auf eine von Google \ngeschaltete Anzeige klicken wird ein Cookie f\u00fcr das Conversion-Tracking \ngesetzt. Bei Cookies handelt es sich um kleine Textdateien, die der \nInternet-Browser auf dem Computer des Nutzers ablegt. Diese Cookies \nverlieren nach 30 Tagen ihre G\u00fcltigkeit und dienen nicht der \npers\u00f6nlichen Identifizierung der Nutzer. Besucht der Nutzer bestimmte \nSeiten dieser Website und das Cookie ist noch nicht abgelaufen, k\u00f6nnen \nGoogle und wir erkennen, dass der Nutzer auf die Anzeige geklickt hat \nund zu dieser Seite weitergeleitet wurde.<br><br>Jeder Google \nAdWords-Kunde erh\u00e4lt ein anderes Cookie. Die Cookies k\u00f6nnen nicht \u00fcber \ndie Websites von AdWords-Kunden nachverfolgt werden. Die mithilfe des \nConversion-Cookies eingeholten Informationen dienen dazu, \nConversion-Statistiken f\u00fcr AdWords-Kunden zu erstellen, die sich f\u00fcr \nConversion-Tracking entschieden haben. Die Kunden erfahren die \nGesamtanzahl der Nutzer, die auf ihre Anzeige geklickt haben und zu \neiner mit einem Conversion-Tracking-Tag versehenen Seite weitergeleitet \nwurden. Sie erhalten jedoch keine Informationen, mit denen sich Nutzer \npers\u00f6nlich identifizieren lassen. Wenn Sie nicht am Tracking teilnehmen \nm\u00f6chten, k\u00f6nnen Sie dieser Nutzung widersprechen, indem Sie das Cookie \ndes Google Conversion-Trackings \u00fcber ihren Internet-Browser unter \nNutzereinstellungen leicht deaktivieren. Sie werden sodann nicht in die \nConversion-Tracking Statistiken aufgenommen.<br><br>Die Speicherung von \n\u201cConversion-Cookies\u201d erfolgt auf Grundlage von Art. 6 Abs. 1 lit. f \nDSGVO. Der Websitebetreiber hat ein berechtigtes Interesse an der \nAnalyse des Nutzerverhaltens, um sowohl sein Webangebot als auch seine \nWerbung zu optimieren.<br>Mehr Informationen zu Google AdWords und Google Conversion-Tracking finden Sie in den Datenschutzbestimmungen von Google: (<a target=\"_blank\" rel=\"noreferrer noopener\" href=\"https:\/\/www.google.de\/policies\/privacy\/\">https:\/\/www.google.de\/policies\/privacy\/<\/a>).<br><br>Sie\n k\u00f6nnen Ihren Browser so einstellen, dass Sie \u00fcber das Setzen von \nCookies informiert werden und Cookies nur im Einzelfall erlauben, die \nAnnahme von Cookies f\u00fcr bestimmte F\u00e4lle oder generell ausschlie\u00dfen sowie\n das automatische L\u00f6schen der Cookies beim Schlie\u00dfen des Browser \naktivieren. Bei der Deaktivierung von Cookies kann die Funktionalit\u00e4t \ndieser Website eingeschr\u00e4nkt sein.<br><\/p>\n\n\n\n<p><br><strong>5. Plugins und Tools<br>Google Web Fonts<\/strong><br>Diese\n Seite nutzt zur einheitlichen Darstellung von Schriftarten so genannte \nWeb Fonts, die von Google bereitgestellt werden. Beim Aufruf einer Seite\n l\u00e4dt Ihr Browser die ben\u00f6tigten Web Fonts in ihren Browsercache, um \nTexte und Schriftarten korrekt anzuzeigen.<br><br>Zu diesem Zweck muss \nder von Ihnen verwendete Browser Verbindung zu den Servern von Google \naufnehmen. Hierdurch erlangt Google Kenntnis dar\u00fcber, dass \u00fcber Ihre \nIP-Adresse unsere Website aufgerufen wurde. Die Nutzung von Google Web \nFonts erfolgt im Interesse einer einheitlichen und ansprechenden \nDarstellung unserer Online-Angebote. Dies stellt ein berechtigtes \nInteresse im Sinne von Art. 6 Abs. 1 lit. f DSGVO dar.<br><br>Wenn Ihr \nBrowser Web Fonts nicht unterst\u00fctzt, wird eine Standardschrift von Ihrem\n Computer genutzt. Weitere Informationen zu Google Web Fonts finden Sie \nunter <a target=\"_blank\" rel=\"noreferrer noopener\" href=\"https:\/\/developers.google.com\/fonts\/faq\">https:\/\/developers.google.com\/fonts\/faq<\/a> und in der Datenschutzerkl\u00e4rung von Google: <a target=\"_blank\" rel=\"noreferrer noopener\" href=\"https:\/\/www.google.com\/policies\/privacy\/\">https:\/\/www.google.com\/policies\/privacy\/<\/a>.<br><br><strong>Google Maps<\/strong><br>Diese\n Seite nutzt \u00fcber eine API den Kartendienst Google Maps. Anbieter ist \ndie Google Inc., 1600 Amphitheatre Parkway, Mountain View, CA 94043, \nUSA.<br><br>Zur Nutzung der Funktionen von Google Maps ist es notwendig,\n Ihre IP Adresse zu speichern. Diese Informationen werden in der Regel \nan einen Server von Google in den USA \u00fcbertragen und dort gespeichert. \nDer Anbieter dieser Seite hat keinen Einfluss auf diese \nDaten\u00fcbertragung.<br><br>Die Nutzung von Google Maps erfolgt im \nInteresse einer ansprechenden Darstellung unserer Online-Angebote und an\n einer leichten Auffindbarkeit der von uns auf der Website angegebenen \nOrte. Dies stellt ein berechtigtes Interesse im Sinne von Art. 6 Abs. 1 \nlit. f DSGVO dar.<br><br>Mehr Informationen zum Umgang mit Nutzerdaten finden Sie in der Datenschutzerkl\u00e4rung von Google: <a target=\"_blank\" rel=\"noreferrer noopener\" href=\"https:\/\/www.google.de\/intl\/de\/policies\/privacy\/\">https:\/\/www.google.de\/intl\/de\/policies\/privacy\/<\/a>.<\/p>\n\n\n\n<p><\/p>\n","protected":false},"excerpt":{"rendered":"<p>1. Datenschutz auf einen Blick Allgemeine HinweiseDie folgenden Hinweise geben einen einfachen \u00dcberblick dar\u00fcber, was mit Ihren personenbezogenen Daten passiert,&hellip;<\/p>\n","protected":false},"author":1,"featured_media":0,"parent":0,"menu_order":0,"comment_status":"closed","ping_status":"closed","template":"","meta":[],"_links":{"self":[{"href":"https:\/\/stubai-ferienhaus.at\/index.php\/wp-json\/wp\/v2\/pages\/59"}],"collection":[{"href":"https:\/\/stubai-ferienhaus.at\/index.php\/wp-json\/wp\/v2\/pages"}],"about":[{"href":"https:\/\/stubai-ferienhaus.at\/index.php\/wp-json\/wp\/v2\/types\/page"}],"author":[{"embeddable":true,"href":"https:\/\/stubai-ferienhaus.at\/index.php\/wp-json\/wp\/v2\/users\/1"}],"replies":[{"embeddable":true,"href":"https:\/\/stubai-ferienhaus.at\/index.php\/wp-json\/wp\/v2\/comments?post=59"}],"version-history":[{"count":2,"href":"https:\/\/stubai-ferienhaus.at\/index.php\/wp-json\/wp\/v2\/pages\/59\/revisions"}],"predecessor-version":[{"id":86,"href":"https:\/\/stubai-ferienhaus.at\/index.php\/wp-json\/wp\/v2\/pages\/59\/revisions\/86"}],"wp:attachment":[{"href":"https:\/\/stubai-ferienhaus.at\/index.php\/wp-json\/wp\/v2\/media?parent=59"}],"curies":[{"name":"wp","href":"https:\/\/api.w.org\/{rel}","templated":true}]}}