{"id":100,"date":"2019-11-01T08:48:35","date_gmt":"2019-11-01T08:48:35","guid":{"rendered":"https:\/\/stubai-ferienhaus.at\/?page_id=100"},"modified":"2019-11-04T08:49:12","modified_gmt":"2019-11-04T08:49:12","slug":"das-stubaital","status":"publish","type":"page","link":"https:\/\/stubai-ferienhaus.at\/index.php\/das-stubaital\/","title":{"rendered":"Das Stubaital"},"content":{"rendered":"\n<p>Durch seine zentrale Lage bietet sich das Stubaital als perfekter Ausgangspunkt an, auch die Sehensw\u00fcrdigkeiten Tirols zu entdecken. Authentische St\u00e4tten der Geschichte wie der M\u00fcnzturm in Hall, die Festung Kufstein oder das Silberbergwerk in Schwaz vermitteln ein St\u00fcck Tiroler Geschichte interaktiv und spannend. Kulturintressierte k\u00f6nnen in Innsbruck das Konzert- und Veranstaltungsangebot nutzen und mit ihrem Aktivurlaub im Stubai kombinieren.<\/p>\n\n\n\n<figure class=\"wp-block-embed-youtube wp-block-embed is-type-video is-provider-youtube wp-embed-aspect-16-9 wp-has-aspect-ratio\"><div class=\"wp-block-embed__wrapper\">\n<iframe loading=\"lazy\" title=\"STUBAI | Baumhausweg\" width=\"688\" height=\"387\" src=\"https:\/\/www.youtube.com\/embed\/NqX5atveFRQ?feature=oembed\" frameborder=\"0\" allow=\"accelerometer; autoplay; encrypted-media; gyroscope; picture-in-picture\" allowfullscreen><\/iframe>\n<\/div><\/figure>\n\n\n\n<figure class=\"wp-block-embed-youtube wp-block-embed is-type-video is-provider-youtube wp-embed-aspect-16-9 wp-has-aspect-ratio\"><div class=\"wp-block-embed__wrapper\">\n<iframe loading=\"lazy\" title=\"I bin&#039;s der Elfer\" width=\"688\" height=\"387\" src=\"https:\/\/www.youtube.com\/embed\/qIXlymRMFgo?feature=oembed\" frameborder=\"0\" allow=\"accelerometer; autoplay; encrypted-media; gyroscope; picture-in-picture\" allowfullscreen><\/iframe>\n<\/div><\/figure>\n\n\n\n<figure><iframe loading=\"lazy\" src=\"https:\/\/www.youtube.com\/embed\/y4B23loAPaw\" allowfullscreen=\"\" width=\"560\" height=\"315\"><\/iframe><\/figure>\n\n\n\n<figure><iframe loading=\"lazy\" src=\"https:\/\/www.youtube.com\/embed\/JXavEsbpZRk\" allowfullscreen=\"\" width=\"560\" height=\"315\"><\/iframe><\/figure>\n\n\n\n<p><\/p>\n","protected":false},"excerpt":{"rendered":"<p>Durch seine zentrale Lage bietet sich das Stubaital als perfekter Ausgangspunkt an, auch die Sehensw\u00fcrdigkeiten Tirols zu entdecken. Authentische St\u00e4tten&hellip;<\/p>\n","protected":false},"author":1,"featured_media":0,"parent":0,"menu_order":0,"comment_status":"closed","ping_status":"closed","template":"","meta":[],"_links":{"self":[{"href":"https:\/\/stubai-ferienhaus.at\/index.php\/wp-json\/wp\/v2\/pages\/100"}],"collection":[{"href":"https:\/\/stubai-ferienhaus.at\/index.php\/wp-json\/wp\/v2\/pages"}],"about":[{"href":"https:\/\/stubai-ferienhaus.at\/index.php\/wp-json\/wp\/v2\/types\/page"}],"author":[{"embeddable":true,"href":"https:\/\/stubai-ferienhaus.at\/index.php\/wp-json\/wp\/v2\/users\/1"}],"replies":[{"embeddable":true,"href":"https:\/\/stubai-ferienhaus.at\/index.php\/wp-json\/wp\/v2\/comments?post=100"}],"version-history":[{"count":8,"href":"https:\/\/stubai-ferienhaus.at\/index.php\/wp-json\/wp\/v2\/pages\/100\/revisions"}],"predecessor-version":[{"id":142,"href":"https:\/\/stubai-ferienhaus.at\/index.php\/wp-json\/wp\/v2\/pages\/100\/revisions\/142"}],"wp:attachment":[{"href":"https:\/\/stubai-ferienhaus.at\/index.php\/wp-json\/wp\/v2\/media?parent=100"}],"curies":[{"name":"wp","href":"https:\/\/api.w.org\/{rel}","templated":true}]}}